{"id":6110,"date":"2024-03-12T08:43:30","date_gmt":"2024-03-12T07:43:30","guid":{"rendered":"https:\/\/fahrschuleammain.de\/?page_id=6110"},"modified":"2024-11-09T18:01:20","modified_gmt":"2024-11-09T17:01:20","slug":"impressum","status":"publish","type":"page","link":"https:\/\/fahrschuleammain.de\/index.php\/impressum\/","title":{"rendered":"Impressum"},"content":{"rendered":"[vc_row type=&#8220;in_container&#8220; full_screen_row_position=&#8220;middle&#8220; column_margin=&#8220;default&#8220; column_direction=&#8220;default&#8220; column_direction_tablet=&#8220;default&#8220; column_direction_phone=&#8220;default&#8220; scene_position=&#8220;center&#8220; text_color=&#8220;dark&#8220; text_align=&#8220;left&#8220; row_border_radius=&#8220;none&#8220; row_border_radius_applies=&#8220;bg&#8220; overflow=&#8220;visible&#8220; overlay_strength=&#8220;0.3&#8243; gradient_direction=&#8220;left_to_right&#8220; shape_divider_position=&#8220;bottom&#8220; bg_image_animation=&#8220;none&#8220;][vc_column column_padding=&#8220;no-extra-padding&#8220; column_padding_tablet=&#8220;inherit&#8220; column_padding_phone=&#8220;inherit&#8220; column_padding_position=&#8220;all&#8220; column_element_direction_desktop=&#8220;default&#8220; column_element_spacing=&#8220;default&#8220; desktop_text_alignment=&#8220;default&#8220; tablet_text_alignment=&#8220;default&#8220; phone_text_alignment=&#8220;default&#8220; background_color_opacity=&#8220;1&#8243; background_hover_color_opacity=&#8220;1&#8243; column_backdrop_filter=&#8220;none&#8220; column_shadow=&#8220;none&#8220; column_border_radius=&#8220;none&#8220; column_link_target=&#8220;_self&#8220; column_position=&#8220;default&#8220; gradient_direction=&#8220;left_to_right&#8220; overlay_strength=&#8220;0.3&#8243; width=&#8220;1\/1&#8243; tablet_width_inherit=&#8220;default&#8220; animation_type=&#8220;default&#8220; bg_image_animation=&#8220;none&#8220; border_type=&#8220;simple&#8220; column_border_width=&#8220;none&#8220; column_border_style=&#8220;solid&#8220;][vc_column_text css=&#8220;&#8220; text_direction=&#8220;default&#8220;]\n<h3><span style=\"color: #000000;\"><strong>Impressum<\/strong><\/span><\/h3>\n<p>Verantwortlich f\u00fcr den Inhalt dieser Website gem\u00e4\u00df \u00a7 5 TMG:<\/p>\n<p>Vertreten durch:<\/p>\n<p>Tolgahan Ethemoglu<br \/>\nDreieichstr. 4<br \/>\n60594 Frankfurt am Main<\/p>\n<p>Kontakt:<br \/>\nE-Mail: info@fahrschuleammain.de<\/p>\n<p>Kontakt: 069 77039997<\/p>\n<p>Mobil:\u00a0 0176 &#8211; 61778760<\/p>\n<p>E-Mail: info@fahrschuleammain.de<\/p>\n<p>Registergericht: Amtsgericht Darmstadt<\/p>\n<p>VAT : DE315012165<\/p>\n<p>Steuer-ID: 12815 72759<\/p>\n<p>&nbsp;<\/p>\n<p>Inhaltlich Verantwortlicher gem\u00e4\u00df \u00a7 10 Absatz 3 MDStV: Tolgahan Ethemoglu (Anschrift wie oben) Haftungshinweis: Trotz sorgf\u00e4ltiger inhaltlicher Kontrolle \u00fcbernehmen wir keine Haftung f\u00fcr die Inhalte externer Links. F\u00fcr den Inhalt der verlinkten Seiten sind ausschlie\u00dflich deren Betreiber verantwortlich.<\/p>\n<p>Copyright: Das Copyright der Seiten auf dem Server https:\/\/fahrschuleammain.de\/ liegt bei Tolga Ethemoglu. Die Wiedergabe mit Quellenangabe ist vorbehaltlich anderslautender Bestimmungen gestattet. Ist f\u00fcr die Wiedergabe bestimmter Text- und Multimedia-Daten eine vorherige Genehmigung einzuholen, so hebt diese die obenstehende allgemeine Genehmigung auf; auf etwaige Nutzungseinschr\u00e4nkungen wird deutlich hingewiesen. Disclaimer \/ Haftungsausschluss Tolga Ethemoglu bietet diesen Server (https:\/\/fahrschuleammain.de\/) an, damit sich die \u00d6ffentlichkeit leichter \u00fcber seine Aktivit\u00e4ten informieren kann. Unser Ziel ist es, aktuelle und genaue Informationen bereit zustellen. Wenn wir von Fehlern erfahren, werden wir versuchen, diese zu korrigieren. Der Inhaber \u00fcbernimmt jedoch keinerlei Verantwortung oder Haftung f\u00fcr die Angaben auf dieser Website. Insbesondere \u00fcbernimmt der Inhaber kein Gew\u00e4hr f\u00fcr die Aktualit\u00e4t, Korrektheit, Vollst\u00e4ndigkeit oder Qualit\u00e4t der bereitgestellten Informationen. Haftungsanspr\u00fcche gegen den Inhaber, welche sich auf Sch\u00e4den materieller oder ideeller Art beziehen, die durch die Nutzung oder Nichtnutzung der dargebotenen Informationen bzw. durch die Nutzung fehlerhafter und unvollst\u00e4ndiger Informationen verursacht wurden, sind grunds\u00e4tzlich ausgeschlossen, sofern seitens des Autors kein nachweislich vors\u00e4tzliches oder grob fahrl\u00e4ssiges Verschulden vorliegt. Alle Angebote sind freibleibend und unverbindlich. Der Inhaber beh\u00e4lt es sich ausdr\u00fccklich vor, Teile der Seiten oder das gesamte Angebot ohne gesonderte Ank\u00fcndigung zu ver\u00e4ndern, zu erg\u00e4nzen, zu l\u00f6schen oder die Ver\u00f6ffentlichung zeitweise oder endg\u00fcltig einzustellen. aus auf diese Seite verwiesen wurde. Sofern Teile oder einzelne Formulierungen dieses Textes der geltenden Rechtslage nicht, nicht mehr oder nicht vollst\u00e4ndig entsprechen sollten, bleiben die \u00fcbrigen Teile des Dokumentes in ihrem Inhalt und ihrer G\u00fcltigkeit davon unber\u00fchrt. Die Angaben sind: * nur Informationen allgemeiner Art, die nicht auf die besonderen Bed\u00fcrfnisse bestimmter Personen oder Einrichtungen abgestimmt sind; * nicht notwendigerweise umfassend, komplett, genau oder aktuell; * manchmal mit externen Websites verbunden, die der nicht beeinflussen kann und f\u00fcr die er keine Verantwortung \u00fcbernimmt. Es ist nicht beabsichtigt, mit diesem Haftungsausschluss gegen geltendes nationales Recht zu versto\u00dfen noch die Haftung f\u00fcr Materien auszuschlie\u00dfen, f\u00fcr die nach diesem Recht die Haftung nicht ausgeschlossen werden darf.<\/p>\n[\/vc_column_text][\/vc_column][\/vc_row]\n","protected":false},"excerpt":{"rendered":"<p>[vc_row type=&#8220;in_container&#8220; full_screen_row_position=&#8220;middle&#8220; column_margin=&#8220;default&#8220; column_direction=&#8220;default&#8220; column_direction_tablet=&#8220;default&#8220; column_direction_phone=&#8220;default&#8220; scene_position=&#8220;center&#8220; text_color=&#8220;dark&#8220; text_align=&#8220;left&#8220; row_border_radius=&#8220;none&#8220; row_border_radius_applies=&#8220;bg&#8220; overflow=&#8220;visible&#8220; overlay_strength=&#8220;0.3&#8243; gradient_direction=&#8220;left_to_right&#8220; shape_divider_position=&#8220;bottom&#8220; bg_image_animation=&#8220;none&#8220;][vc_column column_padding=&#8220;no-extra-padding&#8220; column_padding_tablet=&#8220;inherit&#8220; column_padding_phone=&#8220;inherit&#8220; column_padding_position=&#8220;all&#8220; column_element_direction_desktop=&#8220;default&#8220; column_element_spacing=&#8220;default&#8220; desktop_text_alignment=&#8220;default&#8220; tablet_text_alignment=&#8220;default&#8220; phone_text_alignment=&#8220;default&#8220; background_color_opacity=&#8220;1&#8243; background_hover_color_opacity=&#8220;1&#8243; column_backdrop_filter=&#8220;none&#8220; column_shadow=&#8220;none&#8220;&#8230;<\/p>\n","protected":false},"author":1,"featured_media":0,"parent":0,"menu_order":0,"comment_status":"closed","ping_status":"closed","template":"","meta":{"footnotes":""},"_links":{"self":[{"href":"https:\/\/fahrschuleammain.de\/index.php\/wp-json\/wp\/v2\/pages\/6110"}],"collection":[{"href":"https:\/\/fahrschuleammain.de\/index.php\/wp-json\/wp\/v2\/pages"}],"about":[{"href":"https:\/\/fahrschuleammain.de\/index.php\/wp-json\/wp\/v2\/types\/page"}],"author":[{"embeddable":true,"href":"https:\/\/fahrschuleammain.de\/index.php\/wp-json\/wp\/v2\/users\/1"}],"replies":[{"embeddable":true,"href":"https:\/\/fahrschuleammain.de\/index.php\/wp-json\/wp\/v2\/comments?post=6110"}],"version-history":[{"count":9,"href":"https:\/\/fahrschuleammain.de\/index.php\/wp-json\/wp\/v2\/pages\/6110\/revisions"}],"predecessor-version":[{"id":6262,"href":"https:\/\/fahrschuleammain.de\/index.php\/wp-json\/wp\/v2\/pages\/6110\/revisions\/6262"}],"wp:attachment":[{"href":"https:\/\/fahrschuleammain.de\/index.php\/wp-json\/wp\/v2\/media?parent=6110"}],"curies":[{"name":"wp","href":"https:\/\/api.w.org\/{rel}","templated":true}]}}